{"id":457,"date":"2015-09-18T16:00:23","date_gmt":"2015-09-18T20:00:23","guid":{"rendered":"https:\/\/somakboutique.com\/?post_type=product&#038;p=457"},"modified":"2025-09-08T11:34:37","modified_gmt":"2025-09-08T15:34:37","slug":"foot-pedal-electrolysis","status":"publish","type":"product","link":"https:\/\/somakboutique.com\/en\/produit\/foot-pedal-electrolysis\/","title":{"rendered":"FOOT PEDAL ELECTROLYSIS"},"content":{"rendered":"<p>Foot pedal for electrolysis devices from Silhouet-Tone:<\/p>\n<p>-ST 250<br \/>\n-ST 350<br \/>\n-\u00c9volution 5HD<br \/>\n-\u00c9volution 7HD<br \/>\n-\u00c9volution XHD<\/p>\n","protected":false},"excerpt":{"rendered":"<p>Foot pedal for electrolysis<\/p>\n","protected":false},"featured_media":9499,"comment_status":"open","ping_status":"closed","template":"","meta":{"site-sidebar-layout":"default","site-content-layout":"default","ast-site-content-layout":"default","site-content-style":"default","site-sidebar-style":"default","ast-global-header-display":"","ast-banner-title-visibility":"","ast-main-header-display":"","ast-hfb-above-header-display":"","ast-hfb-below-header-display":"","ast-hfb-mobile-header-display":"","site-post-title":"","ast-breadcrumbs-content":"","ast-featured-img":"","footer-sml-layout":"","ast-disable-related-posts":"","theme-transparent-header-meta":"default","adv-header-id-meta":"","stick-header-meta":"default","header-above-stick-meta":"","header-main-stick-meta":"","header-below-stick-meta":"","astra-migrate-meta-layouts":"set","ast-page-background-enabled":"default","ast-page-background-meta":{"desktop":{"background-color":"","background-image":"","background-repeat":"repeat","background-position":"center center","background-size":"auto","background-attachment":"scroll","background-type":"","background-media":"","overlay-type":"","overlay-color":"","overlay-opacity":"","overlay-gradient":""},"tablet":{"background-color":"","background-image":"","background-repeat":"repeat","background-position":"center center","background-size":"auto","background-attachment":"scroll","background-type":"","background-media":"","overlay-type":"","overlay-color":"","overlay-opacity":"","overlay-gradient":""},"mobile":{"background-color":"","background-image":"","background-repeat":"repeat","background-position":"center center","background-size":"auto","background-attachment":"scroll","background-type":"","background-media":"","overlay-type":"","overlay-color":"","overlay-opacity":"","overlay-gradient":""}},"ast-content-background-meta":{"desktop":{"background-color":"var(--ast-global-color-5)","background-image":"","background-repeat":"repeat","background-position":"center center","background-size":"auto","background-attachment":"scroll","background-type":"","background-media":"","overlay-type":"","overlay-color":"","overlay-opacity":"","overlay-gradient":""},"tablet":{"background-color":"var(--ast-global-color-5)","background-image":"","background-repeat":"repeat","background-position":"center center","background-size":"auto","background-attachment":"scroll","background-type":"","background-media":"","overlay-type":"","overlay-color":"","overlay-opacity":"","overlay-gradient":""},"mobile":{"background-color":"var(--ast-global-color-5)","background-image":"","background-repeat":"repeat","background-position":"center center","background-size":"auto","background-attachment":"scroll","background-type":"","background-media":"","overlay-type":"","overlay-color":"","overlay-opacity":"","overlay-gradient":""}}},"product_brand":[],"product_cat":[222,72],"product_tag":[9079,9076,9077,9078],"class_list":{"0":"post-457","1":"product","2":"type-product","3":"status-publish","4":"has-post-thumbnail","6":"product_cat-permanent-hair-removal-accessories-en","7":"product_cat-permanent-hair-removal-en","8":"product_tag-9079","9":"product_tag-416823-en","10":"product_tag-electrolyse-en","11":"product_tag-pedale-en","12":"desktop-align-left","13":"tablet-align-left","14":"mobile-align-left","15":"ast-product-gallery-layout-horizontal-slider","16":"ast-product-gallery-with-no-image","17":"ast-product-tabs-layout-horizontal","19":"first","20":"instock","21":"taxable","22":"shipping-taxable","23":"product-type-simple"},"yoast_head":"<!-- This site is optimized with the Yoast SEO plugin v27.3 - https:\/\/yoast.com\/product\/yoast-seo-wordpress\/ -->\n<title>FOOT PEDAL ELECTROLYSIS - SOMAK BOUTIQUE<\/title>\n<meta name=\"description\" content=\"Foot pedal for electrolysis devices from Silhouet-Tone:-ST 250-ST 350-\u00c9volution 5HD-\u00c9volution 7HD-\u00c9volution XHD\" \/>\n<meta name=\"robots\" content=\"index, follow, max-snippet:-1, max-image-preview:large, max-video-preview:-1\" \/>\n<link rel=\"canonical\" href=\"https:\/\/somakboutique.com\/en\/produit\/foot-pedal-electrolysis\/\" \/>\n<meta property=\"og:locale\" content=\"en_US\" \/>\n<meta property=\"og:type\" content=\"article\" \/>\n<meta property=\"og:title\" content=\"FOOT PEDAL ELECTROLYSIS - SOMAK BOUTIQUE\" \/>\n<meta property=\"og:description\" content=\"Foot pedal for electrolysis devices from Silhouet-Tone:-ST 250-ST 350-\u00c9volution 5HD-\u00c9volution 7HD-\u00c9volution XHD\" \/>\n<meta property=\"og:url\" content=\"https:\/\/somakboutique.com\/en\/produit\/foot-pedal-electrolysis\/\" \/>\n<meta property=\"og:site_name\" content=\"SOMAK BOUTIQUE\" \/>\n<meta property=\"article:modified_time\" content=\"2025-09-08T15:34:37+00:00\" \/>\n<meta property=\"og:image\" content=\"https:\/\/somakboutique.com\/wp-content\/uploads\/2015\/09\/pedble_1-B.jpg\" \/>\n\t<meta property=\"og:image:width\" content=\"400\" \/>\n\t<meta property=\"og:image:height\" content=\"400\" \/>\n\t<meta property=\"og:image:type\" content=\"image\/jpeg\" \/>\n<meta name=\"twitter:card\" content=\"summary_large_image\" \/>\n<meta name=\"twitter:label1\" content=\"Est. reading time\" \/>\n\t<meta name=\"twitter:data1\" content=\"1 minute\" \/>\n<script type=\"application\/ld+json\" class=\"yoast-schema-graph\">{\"@context\":\"https:\\\/\\\/schema.org\",\"@graph\":[{\"@type\":\"WebPage\",\"@id\":\"https:\\\/\\\/somakboutique.com\\\/en\\\/produit\\\/foot-pedal-electrolysis\\\/\",\"url\":\"https:\\\/\\\/somakboutique.com\\\/en\\\/produit\\\/foot-pedal-electrolysis\\\/\",\"name\":\"FOOT PEDAL ELECTROLYSIS - SOMAK BOUTIQUE\",\"isPartOf\":{\"@id\":\"https:\\\/\\\/somakboutique.com\\\/#website\"},\"primaryImageOfPage\":{\"@id\":\"https:\\\/\\\/somakboutique.com\\\/en\\\/produit\\\/foot-pedal-electrolysis\\\/#primaryimage\"},\"image\":{\"@id\":\"https:\\\/\\\/somakboutique.com\\\/en\\\/produit\\\/foot-pedal-electrolysis\\\/#primaryimage\"},\"thumbnailUrl\":\"https:\\\/\\\/somakboutique.com\\\/wp-content\\\/uploads\\\/2015\\\/09\\\/pedble_1-B.jpg\",\"datePublished\":\"2015-09-18T20:00:23+00:00\",\"dateModified\":\"2025-09-08T15:34:37+00:00\",\"description\":\"Foot pedal for electrolysis devices from Silhouet-Tone:-ST 250-ST 350-\u00c9volution 5HD-\u00c9volution 7HD-\u00c9volution XHD\",\"breadcrumb\":{\"@id\":\"https:\\\/\\\/somakboutique.com\\\/en\\\/produit\\\/foot-pedal-electrolysis\\\/#breadcrumb\"},\"inLanguage\":\"en-US\",\"potentialAction\":[{\"@type\":\"ReadAction\",\"target\":[\"https:\\\/\\\/somakboutique.com\\\/en\\\/produit\\\/foot-pedal-electrolysis\\\/\"]}]},{\"@type\":\"ImageObject\",\"inLanguage\":\"en-US\",\"@id\":\"https:\\\/\\\/somakboutique.com\\\/en\\\/produit\\\/foot-pedal-electrolysis\\\/#primaryimage\",\"url\":\"https:\\\/\\\/somakboutique.com\\\/wp-content\\\/uploads\\\/2015\\\/09\\\/pedble_1-B.jpg\",\"contentUrl\":\"https:\\\/\\\/somakboutique.com\\\/wp-content\\\/uploads\\\/2015\\\/09\\\/pedble_1-B.jpg\",\"width\":400,\"height\":400},{\"@type\":\"BreadcrumbList\",\"@id\":\"https:\\\/\\\/somakboutique.com\\\/en\\\/produit\\\/foot-pedal-electrolysis\\\/#breadcrumb\",\"itemListElement\":[{\"@type\":\"ListItem\",\"position\":1,\"name\":\"Accueil\",\"item\":\"https:\\\/\\\/somakboutique.com\\\/\"},{\"@type\":\"ListItem\",\"position\":2,\"name\":\"Shop\",\"item\":\"https:\\\/\\\/somakboutique.com\\\/en\\\/shop\\\/\"},{\"@type\":\"ListItem\",\"position\":3,\"name\":\"FOOT PEDAL ELECTROLYSIS\"}]},{\"@type\":\"WebSite\",\"@id\":\"https:\\\/\\\/somakboutique.com\\\/#website\",\"url\":\"https:\\\/\\\/somakboutique.com\\\/\",\"name\":\"SOMAK BOUTIQUE\",\"description\":\"LE CHOIX DES PROFESSIONNELS\",\"publisher\":{\"@id\":\"https:\\\/\\\/somakboutique.com\\\/#organization\"},\"potentialAction\":[{\"@type\":\"SearchAction\",\"target\":{\"@type\":\"EntryPoint\",\"urlTemplate\":\"https:\\\/\\\/somakboutique.com\\\/?s={search_term_string}\"},\"query-input\":{\"@type\":\"PropertyValueSpecification\",\"valueRequired\":true,\"valueName\":\"search_term_string\"}}],\"inLanguage\":\"en-US\"},{\"@type\":\"Organization\",\"@id\":\"https:\\\/\\\/somakboutique.com\\\/#organization\",\"name\":\"SOMAK BOUTIQUE\",\"url\":\"https:\\\/\\\/somakboutique.com\\\/\",\"logo\":{\"@type\":\"ImageObject\",\"inLanguage\":\"en-US\",\"@id\":\"https:\\\/\\\/somakboutique.com\\\/#\\\/schema\\\/logo\\\/image\\\/\",\"url\":\"https:\\\/\\\/somakboutique.com\\\/wp-content\\\/uploads\\\/2021\\\/08\\\/logo2021_noir_500x500.png\",\"contentUrl\":\"https:\\\/\\\/somakboutique.com\\\/wp-content\\\/uploads\\\/2021\\\/08\\\/logo2021_noir_500x500.png\",\"width\":500,\"height\":500,\"caption\":\"SOMAK BOUTIQUE\"},\"image\":{\"@id\":\"https:\\\/\\\/somakboutique.com\\\/#\\\/schema\\\/logo\\\/image\\\/\"}}]}<\/script>\n<!-- \/ Yoast SEO plugin. -->","yoast_head_json":{"title":"FOOT PEDAL ELECTROLYSIS - SOMAK BOUTIQUE","description":"Foot pedal for electrolysis devices from Silhouet-Tone:-ST 250-ST 350-\u00c9volution 5HD-\u00c9volution 7HD-\u00c9volution XHD","robots":{"index":"index","follow":"follow","max-snippet":"max-snippet:-1","max-image-preview":"max-image-preview:large","max-video-preview":"max-video-preview:-1"},"canonical":"https:\/\/somakboutique.com\/en\/produit\/foot-pedal-electrolysis\/","og_locale":"en_US","og_type":"article","og_title":"FOOT PEDAL ELECTROLYSIS - SOMAK BOUTIQUE","og_description":"Foot pedal for electrolysis devices from Silhouet-Tone:-ST 250-ST 350-\u00c9volution 5HD-\u00c9volution 7HD-\u00c9volution XHD","og_url":"https:\/\/somakboutique.com\/en\/produit\/foot-pedal-electrolysis\/","og_site_name":"SOMAK BOUTIQUE","article_modified_time":"2025-09-08T15:34:37+00:00","og_image":[{"width":400,"height":400,"url":"https:\/\/somakboutique.com\/wp-content\/uploads\/2015\/09\/pedble_1-B.jpg","type":"image\/jpeg"}],"twitter_card":"summary_large_image","twitter_misc":{"Est. reading time":"1 minute"},"schema":{"@context":"https:\/\/schema.org","@graph":[{"@type":"WebPage","@id":"https:\/\/somakboutique.com\/en\/produit\/foot-pedal-electrolysis\/","url":"https:\/\/somakboutique.com\/en\/produit\/foot-pedal-electrolysis\/","name":"FOOT PEDAL ELECTROLYSIS - SOMAK BOUTIQUE","isPartOf":{"@id":"https:\/\/somakboutique.com\/#website"},"primaryImageOfPage":{"@id":"https:\/\/somakboutique.com\/en\/produit\/foot-pedal-electrolysis\/#primaryimage"},"image":{"@id":"https:\/\/somakboutique.com\/en\/produit\/foot-pedal-electrolysis\/#primaryimage"},"thumbnailUrl":"https:\/\/somakboutique.com\/wp-content\/uploads\/2015\/09\/pedble_1-B.jpg","datePublished":"2015-09-18T20:00:23+00:00","dateModified":"2025-09-08T15:34:37+00:00","description":"Foot pedal for electrolysis devices from Silhouet-Tone:-ST 250-ST 350-\u00c9volution 5HD-\u00c9volution 7HD-\u00c9volution XHD","breadcrumb":{"@id":"https:\/\/somakboutique.com\/en\/produit\/foot-pedal-electrolysis\/#breadcrumb"},"inLanguage":"en-US","potentialAction":[{"@type":"ReadAction","target":["https:\/\/somakboutique.com\/en\/produit\/foot-pedal-electrolysis\/"]}]},{"@type":"ImageObject","inLanguage":"en-US","@id":"https:\/\/somakboutique.com\/en\/produit\/foot-pedal-electrolysis\/#primaryimage","url":"https:\/\/somakboutique.com\/wp-content\/uploads\/2015\/09\/pedble_1-B.jpg","contentUrl":"https:\/\/somakboutique.com\/wp-content\/uploads\/2015\/09\/pedble_1-B.jpg","width":400,"height":400},{"@type":"BreadcrumbList","@id":"https:\/\/somakboutique.com\/en\/produit\/foot-pedal-electrolysis\/#breadcrumb","itemListElement":[{"@type":"ListItem","position":1,"name":"Accueil","item":"https:\/\/somakboutique.com\/"},{"@type":"ListItem","position":2,"name":"Shop","item":"https:\/\/somakboutique.com\/en\/shop\/"},{"@type":"ListItem","position":3,"name":"FOOT PEDAL ELECTROLYSIS"}]},{"@type":"WebSite","@id":"https:\/\/somakboutique.com\/#website","url":"https:\/\/somakboutique.com\/","name":"SOMAK BOUTIQUE","description":"LE CHOIX DES PROFESSIONNELS","publisher":{"@id":"https:\/\/somakboutique.com\/#organization"},"potentialAction":[{"@type":"SearchAction","target":{"@type":"EntryPoint","urlTemplate":"https:\/\/somakboutique.com\/?s={search_term_string}"},"query-input":{"@type":"PropertyValueSpecification","valueRequired":true,"valueName":"search_term_string"}}],"inLanguage":"en-US"},{"@type":"Organization","@id":"https:\/\/somakboutique.com\/#organization","name":"SOMAK BOUTIQUE","url":"https:\/\/somakboutique.com\/","logo":{"@type":"ImageObject","inLanguage":"en-US","@id":"https:\/\/somakboutique.com\/#\/schema\/logo\/image\/","url":"https:\/\/somakboutique.com\/wp-content\/uploads\/2021\/08\/logo2021_noir_500x500.png","contentUrl":"https:\/\/somakboutique.com\/wp-content\/uploads\/2021\/08\/logo2021_noir_500x500.png","width":500,"height":500,"caption":"SOMAK BOUTIQUE"},"image":{"@id":"https:\/\/somakboutique.com\/#\/schema\/logo\/image\/"}}]}},"_links":{"self":[{"href":"https:\/\/somakboutique.com\/en\/wp-json\/wp\/v2\/product\/457","targetHints":{"allow":["GET"]}}],"collection":[{"href":"https:\/\/somakboutique.com\/en\/wp-json\/wp\/v2\/product"}],"about":[{"href":"https:\/\/somakboutique.com\/en\/wp-json\/wp\/v2\/types\/product"}],"replies":[{"embeddable":true,"href":"https:\/\/somakboutique.com\/en\/wp-json\/wp\/v2\/comments?post=457"}],"version-history":[{"count":4,"href":"https:\/\/somakboutique.com\/en\/wp-json\/wp\/v2\/product\/457\/revisions"}],"predecessor-version":[{"id":12615,"href":"https:\/\/somakboutique.com\/en\/wp-json\/wp\/v2\/product\/457\/revisions\/12615"}],"wp:featuredmedia":[{"embeddable":true,"href":"https:\/\/somakboutique.com\/en\/wp-json\/wp\/v2\/media\/9499"}],"wp:attachment":[{"href":"https:\/\/somakboutique.com\/en\/wp-json\/wp\/v2\/media?parent=457"}],"wp:term":[{"taxonomy":"product_brand","embeddable":true,"href":"https:\/\/somakboutique.com\/en\/wp-json\/wp\/v2\/product_brand?post=457"},{"taxonomy":"product_cat","embeddable":true,"href":"https:\/\/somakboutique.com\/en\/wp-json\/wp\/v2\/product_cat?post=457"},{"taxonomy":"product_tag","embeddable":true,"href":"https:\/\/somakboutique.com\/en\/wp-json\/wp\/v2\/product_tag?post=457"}],"curies":[{"name":"wp","href":"https:\/\/api.w.org\/{rel}","templated":true}]}}