{"id":2799,"date":"2019-10-30T15:52:28","date_gmt":"2019-10-30T15:52:28","guid":{"rendered":"https:\/\/somakboutique.com\/produit\/ti-tutti-frutti\/"},"modified":"2023-03-07T09:11:06","modified_gmt":"2023-03-07T14:11:06","slug":"ti-tutti-frutti","status":"publish","type":"product","link":"https:\/\/somakboutique.com\/en\/produit\/ti-tutti-frutti\/","title":{"rendered":"TUTTI-FRUTTI T.I."},"content":{"rendered":"<p>Revitalizing treatment.<br \/>\nReal care soft and greedy to awaken all the senses!<br \/>\nTo consume without moderation for a skin in full health.<\/p>\n<h2>RESULTS<\/h2>\n<p>A radiant, luminous, comfortable and vitamin skin.<\/p>\n<h2>CARE CONDUCT<\/h2>\n<p><strong>STAGE 1<\/strong><br \/>\nSurface treatment: cleansing, scrubbing, detoxifying the skin<\/p>\n<p><strong>STAGE 2<\/strong><br \/>\nIn-depth treatment: skin activation, myo-relaxation and Fruit Tweakmasks<\/p>\n<p><strong>STAGE 3<\/strong><br \/>\nFinal Treatment: Specific serum and finalization with the care perfector:<br \/>\nSignature Cabine Exclusive<\/p>\n<h2>ACTIVE STAR<\/h2>\n<p>Alpine Rose &#8211; Apricot Extract &#8211; Raspberry<\/p>\n<h2>THE EXCLUSIVE CABIN<\/h2>\n<p>Possibility of exfoliating hands.<br \/>\nRemove the Apricot Exfoliator with Apricot Jelly.<br \/>\nApplication of the Fruit Mask on the neckline and hands<\/p>\n<div class=\"et_pb_row et_pb_row_3 et_pb_row_1-4_1-2_1-4\">\n<div class=\"et_pb_column et_pb_column_1_2 et_pb_column_8 et_pb_css_mix_blend_mode_passthrough\">\n<div class=\"et_pb_module et_pb_text et_pb_text_8 et_pb_bg_layout_light et_pb_text_align_left\">\n<div class=\"et_pb_text_inner\">\n<h2>FONDAMENTAL\u00a0PACK<\/h2>\n<h2>To realize this T.I. you must also get DETOX C.\u00a0<a href=\"https:\/\/somakboutique.com\/en\/produit\/pack-fondamental-detox-c\/\" target=\"_blank\" rel=\"noopener\">Click here<\/a><\/h2>\n<p><img fetchpriority=\"high\" decoding=\"async\" class=\"alignnone size-full wp-image-8471\" src=\"https:\/\/somakboutique.com\/wp-content\/uploads\/2019\/10\/Ti-13.jpg\" alt=\"\" width=\"1214\" height=\"1077\" srcset=\"https:\/\/somakboutique.com\/wp-content\/uploads\/2019\/10\/Ti-13.jpg 1214w, https:\/\/somakboutique.com\/wp-content\/uploads\/2019\/10\/Ti-13-600x532.jpg 600w, https:\/\/somakboutique.com\/wp-content\/uploads\/2019\/10\/Ti-13-64x57.jpg 64w, https:\/\/somakboutique.com\/wp-content\/uploads\/2019\/10\/Ti-13-300x266.jpg 300w, https:\/\/somakboutique.com\/wp-content\/uploads\/2019\/10\/Ti-13-1024x908.jpg 1024w, https:\/\/somakboutique.com\/wp-content\/uploads\/2019\/10\/Ti-13-768x681.jpg 768w\" sizes=\"(max-width: 1214px) 100vw, 1214px\" \/><\/p>\n<\/div>\n<h2><a href=\"https:\/\/somakboutique.com\/wp-content\/uploads\/2020\/03\/carte_Ti_EN_PRINT_001lr.pdf\">TECHNICAL GUIDE<\/a><\/h2>\n<\/div>\n<\/div>\n<\/div>\n","protected":false},"excerpt":{"rendered":"<p>Explosion Vitamin\u00e9e<br \/>\nID\u00c9AL POUR Peaux d\u00e9vitalis\u00e9es<br \/>\nDUR\u00c9E 60 min<\/p>\n","protected":false},"featured_media":5615,"comment_status":"open","ping_status":"closed","template":"","meta":{"site-sidebar-layout":"default","site-content-layout":"default","ast-site-content-layout":"default","site-content-style":"default","site-sidebar-style":"default","ast-global-header-display":"","ast-banner-title-visibility":"","ast-main-header-display":"","ast-hfb-above-header-display":"","ast-hfb-below-header-display":"","ast-hfb-mobile-header-display":"","site-post-title":"","ast-breadcrumbs-content":"","ast-featured-img":"","footer-sml-layout":"","ast-disable-related-posts":"","theme-transparent-header-meta":"default","adv-header-id-meta":"","stick-header-meta":"default","header-above-stick-meta":"","header-main-stick-meta":"","header-below-stick-meta":"","astra-migrate-meta-layouts":"default","ast-page-background-enabled":"default","ast-page-background-meta":{"desktop":{"background-color":"","background-image":"","background-repeat":"repeat","background-position":"center center","background-size":"auto","background-attachment":"scroll","background-type":"","background-media":"","overlay-type":"","overlay-color":"","overlay-opacity":"","overlay-gradient":""},"tablet":{"background-color":"","background-image":"","background-repeat":"repeat","background-position":"center center","background-size":"auto","background-attachment":"scroll","background-type":"","background-media":"","overlay-type":"","overlay-color":"","overlay-opacity":"","overlay-gradient":""},"mobile":{"background-color":"","background-image":"","background-repeat":"repeat","background-position":"center center","background-size":"auto","background-attachment":"scroll","background-type":"","background-media":"","overlay-type":"","overlay-color":"","overlay-opacity":"","overlay-gradient":""}},"ast-content-background-meta":{"desktop":{"background-color":"var(--ast-global-color-5)","background-image":"","background-repeat":"repeat","background-position":"center center","background-size":"auto","background-attachment":"scroll","background-type":"","background-media":"","overlay-type":"","overlay-color":"","overlay-opacity":"","overlay-gradient":""},"tablet":{"background-color":"var(--ast-global-color-5)","background-image":"","background-repeat":"repeat","background-position":"center center","background-size":"auto","background-attachment":"scroll","background-type":"","background-media":"","overlay-type":"","overlay-color":"","overlay-opacity":"","overlay-gradient":""},"mobile":{"background-color":"var(--ast-global-color-5)","background-image":"","background-repeat":"repeat","background-position":"center center","background-size":"auto","background-attachment":"scroll","background-type":"","background-media":"","overlay-type":"","overlay-color":"","overlay-opacity":"","overlay-gradient":""}}},"product_brand":[],"product_cat":[52,64],"product_tag":[],"class_list":{"0":"post-2799","1":"product","2":"type-product","3":"status-publish","4":"has-post-thumbnail","6":"product_cat-home-en","7":"product_cat-institute-treatments-en","8":"desktop-align-left","9":"tablet-align-left","10":"mobile-align-left","11":"ast-product-gallery-layout-horizontal-slider","12":"ast-product-tabs-layout-horizontal","14":"first","15":"instock","16":"taxable","17":"shipping-taxable","18":"product-type-simple"},"yoast_head":"<!-- This site is optimized with the Yoast SEO plugin v27.3 - https:\/\/yoast.com\/product\/yoast-seo-wordpress\/ -->\n<title>TUTTI-FRUTTI T.I. - SOMAK BOUTIQUE<\/title>\n<meta name=\"description\" content=\"Revitalizing treatment.Real care soft and greedy to awaken all the senses!To consume without moderation for a skin in full health.RESULTSA radiant, luminous, comfortable and vitamin skin.CARE CONDUCTSTAGE 1Surface treatment: cleansing, scrubbing, detoxifying the skinSTAGE 2In-depth treatment: skin activation, myo-relaxation and Fruit TweakmasksSTAGE 3Final Treatment: Specific serum and finalization with the care perfector:Signature Cabine ExclusiveACTIVE STARAlpine Rose - Apricot Extract - Raspberry\" \/>\n<meta name=\"robots\" content=\"index, follow, max-snippet:-1, max-image-preview:large, max-video-preview:-1\" \/>\n<link rel=\"canonical\" href=\"https:\/\/somakboutique.com\/en\/produit\/ti-tutti-frutti\/\" \/>\n<meta property=\"og:locale\" content=\"en_US\" \/>\n<meta property=\"og:type\" content=\"article\" \/>\n<meta property=\"og:title\" content=\"TUTTI-FRUTTI T.I. - SOMAK BOUTIQUE\" \/>\n<meta property=\"og:description\" content=\"Revitalizing treatment.Real care soft and greedy to awaken all the senses!To consume without moderation for a skin in full health.RESULTSA radiant, luminous, comfortable and vitamin skin.CARE CONDUCTSTAGE 1Surface treatment: cleansing, scrubbing, detoxifying the skinSTAGE 2In-depth treatment: skin activation, myo-relaxation and Fruit TweakmasksSTAGE 3Final Treatment: Specific serum and finalization with the care perfector:Signature Cabine ExclusiveACTIVE STARAlpine Rose - Apricot Extract - Raspberry\" \/>\n<meta property=\"og:url\" content=\"https:\/\/somakboutique.com\/en\/produit\/ti-tutti-frutti\/\" \/>\n<meta property=\"og:site_name\" content=\"SOMAK BOUTIQUE\" \/>\n<meta property=\"article:modified_time\" content=\"2023-03-07T14:11:06+00:00\" \/>\n<meta property=\"og:image\" content=\"https:\/\/somakboutique.com\/wp-content\/uploads\/2021\/07\/1512.jpg\" \/>\n\t<meta property=\"og:image:width\" content=\"800\" \/>\n\t<meta property=\"og:image:height\" content=\"527\" \/>\n\t<meta property=\"og:image:type\" content=\"image\/jpeg\" \/>\n<meta name=\"twitter:card\" content=\"summary_large_image\" \/>\n<meta name=\"twitter:label1\" content=\"Est. reading time\" \/>\n\t<meta name=\"twitter:data1\" content=\"1 minute\" \/>\n<script type=\"application\/ld+json\" class=\"yoast-schema-graph\">{\"@context\":\"https:\\\/\\\/schema.org\",\"@graph\":[{\"@type\":\"WebPage\",\"@id\":\"https:\\\/\\\/somakboutique.com\\\/en\\\/produit\\\/ti-tutti-frutti\\\/\",\"url\":\"https:\\\/\\\/somakboutique.com\\\/en\\\/produit\\\/ti-tutti-frutti\\\/\",\"name\":\"TUTTI-FRUTTI T.I. - SOMAK BOUTIQUE\",\"isPartOf\":{\"@id\":\"https:\\\/\\\/somakboutique.com\\\/#website\"},\"primaryImageOfPage\":{\"@id\":\"https:\\\/\\\/somakboutique.com\\\/en\\\/produit\\\/ti-tutti-frutti\\\/#primaryimage\"},\"image\":{\"@id\":\"https:\\\/\\\/somakboutique.com\\\/en\\\/produit\\\/ti-tutti-frutti\\\/#primaryimage\"},\"thumbnailUrl\":\"https:\\\/\\\/somakboutique.com\\\/wp-content\\\/uploads\\\/2021\\\/07\\\/1512.jpg\",\"datePublished\":\"2019-10-30T15:52:28+00:00\",\"dateModified\":\"2023-03-07T14:11:06+00:00\",\"description\":\"Revitalizing treatment.Real care soft and greedy to awaken all the senses!To consume without moderation for a skin in full health.RESULTSA radiant, luminous, comfortable and vitamin skin.CARE CONDUCTSTAGE 1Surface treatment: cleansing, scrubbing, detoxifying the skinSTAGE 2In-depth treatment: skin activation, myo-relaxation and Fruit TweakmasksSTAGE 3Final Treatment: Specific serum and finalization with the care perfector:Signature Cabine ExclusiveACTIVE STARAlpine Rose - Apricot Extract - Raspberry\",\"breadcrumb\":{\"@id\":\"https:\\\/\\\/somakboutique.com\\\/en\\\/produit\\\/ti-tutti-frutti\\\/#breadcrumb\"},\"inLanguage\":\"en-US\",\"potentialAction\":[{\"@type\":\"ReadAction\",\"target\":[\"https:\\\/\\\/somakboutique.com\\\/en\\\/produit\\\/ti-tutti-frutti\\\/\"]}]},{\"@type\":\"ImageObject\",\"inLanguage\":\"en-US\",\"@id\":\"https:\\\/\\\/somakboutique.com\\\/en\\\/produit\\\/ti-tutti-frutti\\\/#primaryimage\",\"url\":\"https:\\\/\\\/somakboutique.com\\\/wp-content\\\/uploads\\\/2021\\\/07\\\/1512.jpg\",\"contentUrl\":\"https:\\\/\\\/somakboutique.com\\\/wp-content\\\/uploads\\\/2021\\\/07\\\/1512.jpg\",\"width\":800,\"height\":527},{\"@type\":\"BreadcrumbList\",\"@id\":\"https:\\\/\\\/somakboutique.com\\\/en\\\/produit\\\/ti-tutti-frutti\\\/#breadcrumb\",\"itemListElement\":[{\"@type\":\"ListItem\",\"position\":1,\"name\":\"Accueil\",\"item\":\"https:\\\/\\\/somakboutique.com\\\/\"},{\"@type\":\"ListItem\",\"position\":2,\"name\":\"Shop\",\"item\":\"https:\\\/\\\/somakboutique.com\\\/en\\\/shop\\\/\"},{\"@type\":\"ListItem\",\"position\":3,\"name\":\"TUTTI-FRUTTI T.I.\"}]},{\"@type\":\"WebSite\",\"@id\":\"https:\\\/\\\/somakboutique.com\\\/#website\",\"url\":\"https:\\\/\\\/somakboutique.com\\\/\",\"name\":\"SOMAK BOUTIQUE\",\"description\":\"LE CHOIX DES PROFESSIONNELS\",\"publisher\":{\"@id\":\"https:\\\/\\\/somakboutique.com\\\/#organization\"},\"potentialAction\":[{\"@type\":\"SearchAction\",\"target\":{\"@type\":\"EntryPoint\",\"urlTemplate\":\"https:\\\/\\\/somakboutique.com\\\/?s={search_term_string}\"},\"query-input\":{\"@type\":\"PropertyValueSpecification\",\"valueRequired\":true,\"valueName\":\"search_term_string\"}}],\"inLanguage\":\"en-US\"},{\"@type\":\"Organization\",\"@id\":\"https:\\\/\\\/somakboutique.com\\\/#organization\",\"name\":\"SOMAK BOUTIQUE\",\"url\":\"https:\\\/\\\/somakboutique.com\\\/\",\"logo\":{\"@type\":\"ImageObject\",\"inLanguage\":\"en-US\",\"@id\":\"https:\\\/\\\/somakboutique.com\\\/#\\\/schema\\\/logo\\\/image\\\/\",\"url\":\"https:\\\/\\\/somakboutique.com\\\/wp-content\\\/uploads\\\/2021\\\/08\\\/logo2021_noir_500x500.png\",\"contentUrl\":\"https:\\\/\\\/somakboutique.com\\\/wp-content\\\/uploads\\\/2021\\\/08\\\/logo2021_noir_500x500.png\",\"width\":500,\"height\":500,\"caption\":\"SOMAK BOUTIQUE\"},\"image\":{\"@id\":\"https:\\\/\\\/somakboutique.com\\\/#\\\/schema\\\/logo\\\/image\\\/\"}}]}<\/script>\n<!-- \/ Yoast SEO plugin. -->","yoast_head_json":{"title":"TUTTI-FRUTTI T.I. - SOMAK BOUTIQUE","description":"Revitalizing treatment.Real care soft and greedy to awaken all the senses!To consume without moderation for a skin in full health.RESULTSA radiant, luminous, comfortable and vitamin skin.CARE CONDUCTSTAGE 1Surface treatment: cleansing, scrubbing, detoxifying the skinSTAGE 2In-depth treatment: skin activation, myo-relaxation and Fruit TweakmasksSTAGE 3Final Treatment: Specific serum and finalization with the care perfector:Signature Cabine ExclusiveACTIVE STARAlpine Rose - Apricot Extract - Raspberry","robots":{"index":"index","follow":"follow","max-snippet":"max-snippet:-1","max-image-preview":"max-image-preview:large","max-video-preview":"max-video-preview:-1"},"canonical":"https:\/\/somakboutique.com\/en\/produit\/ti-tutti-frutti\/","og_locale":"en_US","og_type":"article","og_title":"TUTTI-FRUTTI T.I. - SOMAK BOUTIQUE","og_description":"Revitalizing treatment.Real care soft and greedy to awaken all the senses!To consume without moderation for a skin in full health.RESULTSA radiant, luminous, comfortable and vitamin skin.CARE CONDUCTSTAGE 1Surface treatment: cleansing, scrubbing, detoxifying the skinSTAGE 2In-depth treatment: skin activation, myo-relaxation and Fruit TweakmasksSTAGE 3Final Treatment: Specific serum and finalization with the care perfector:Signature Cabine ExclusiveACTIVE STARAlpine Rose - Apricot Extract - Raspberry","og_url":"https:\/\/somakboutique.com\/en\/produit\/ti-tutti-frutti\/","og_site_name":"SOMAK BOUTIQUE","article_modified_time":"2023-03-07T14:11:06+00:00","og_image":[{"width":800,"height":527,"url":"https:\/\/somakboutique.com\/wp-content\/uploads\/2021\/07\/1512.jpg","type":"image\/jpeg"}],"twitter_card":"summary_large_image","twitter_misc":{"Est. reading time":"1 minute"},"schema":{"@context":"https:\/\/schema.org","@graph":[{"@type":"WebPage","@id":"https:\/\/somakboutique.com\/en\/produit\/ti-tutti-frutti\/","url":"https:\/\/somakboutique.com\/en\/produit\/ti-tutti-frutti\/","name":"TUTTI-FRUTTI T.I. - SOMAK BOUTIQUE","isPartOf":{"@id":"https:\/\/somakboutique.com\/#website"},"primaryImageOfPage":{"@id":"https:\/\/somakboutique.com\/en\/produit\/ti-tutti-frutti\/#primaryimage"},"image":{"@id":"https:\/\/somakboutique.com\/en\/produit\/ti-tutti-frutti\/#primaryimage"},"thumbnailUrl":"https:\/\/somakboutique.com\/wp-content\/uploads\/2021\/07\/1512.jpg","datePublished":"2019-10-30T15:52:28+00:00","dateModified":"2023-03-07T14:11:06+00:00","description":"Revitalizing treatment.Real care soft and greedy to awaken all the senses!To consume without moderation for a skin in full health.RESULTSA radiant, luminous, comfortable and vitamin skin.CARE CONDUCTSTAGE 1Surface treatment: cleansing, scrubbing, detoxifying the skinSTAGE 2In-depth treatment: skin activation, myo-relaxation and Fruit TweakmasksSTAGE 3Final Treatment: Specific serum and finalization with the care perfector:Signature Cabine ExclusiveACTIVE STARAlpine Rose - Apricot Extract - Raspberry","breadcrumb":{"@id":"https:\/\/somakboutique.com\/en\/produit\/ti-tutti-frutti\/#breadcrumb"},"inLanguage":"en-US","potentialAction":[{"@type":"ReadAction","target":["https:\/\/somakboutique.com\/en\/produit\/ti-tutti-frutti\/"]}]},{"@type":"ImageObject","inLanguage":"en-US","@id":"https:\/\/somakboutique.com\/en\/produit\/ti-tutti-frutti\/#primaryimage","url":"https:\/\/somakboutique.com\/wp-content\/uploads\/2021\/07\/1512.jpg","contentUrl":"https:\/\/somakboutique.com\/wp-content\/uploads\/2021\/07\/1512.jpg","width":800,"height":527},{"@type":"BreadcrumbList","@id":"https:\/\/somakboutique.com\/en\/produit\/ti-tutti-frutti\/#breadcrumb","itemListElement":[{"@type":"ListItem","position":1,"name":"Accueil","item":"https:\/\/somakboutique.com\/"},{"@type":"ListItem","position":2,"name":"Shop","item":"https:\/\/somakboutique.com\/en\/shop\/"},{"@type":"ListItem","position":3,"name":"TUTTI-FRUTTI T.I."}]},{"@type":"WebSite","@id":"https:\/\/somakboutique.com\/#website","url":"https:\/\/somakboutique.com\/","name":"SOMAK BOUTIQUE","description":"LE CHOIX DES PROFESSIONNELS","publisher":{"@id":"https:\/\/somakboutique.com\/#organization"},"potentialAction":[{"@type":"SearchAction","target":{"@type":"EntryPoint","urlTemplate":"https:\/\/somakboutique.com\/?s={search_term_string}"},"query-input":{"@type":"PropertyValueSpecification","valueRequired":true,"valueName":"search_term_string"}}],"inLanguage":"en-US"},{"@type":"Organization","@id":"https:\/\/somakboutique.com\/#organization","name":"SOMAK BOUTIQUE","url":"https:\/\/somakboutique.com\/","logo":{"@type":"ImageObject","inLanguage":"en-US","@id":"https:\/\/somakboutique.com\/#\/schema\/logo\/image\/","url":"https:\/\/somakboutique.com\/wp-content\/uploads\/2021\/08\/logo2021_noir_500x500.png","contentUrl":"https:\/\/somakboutique.com\/wp-content\/uploads\/2021\/08\/logo2021_noir_500x500.png","width":500,"height":500,"caption":"SOMAK BOUTIQUE"},"image":{"@id":"https:\/\/somakboutique.com\/#\/schema\/logo\/image\/"}}]}},"_links":{"self":[{"href":"https:\/\/somakboutique.com\/en\/wp-json\/wp\/v2\/product\/2799","targetHints":{"allow":["GET"]}}],"collection":[{"href":"https:\/\/somakboutique.com\/en\/wp-json\/wp\/v2\/product"}],"about":[{"href":"https:\/\/somakboutique.com\/en\/wp-json\/wp\/v2\/types\/product"}],"replies":[{"embeddable":true,"href":"https:\/\/somakboutique.com\/en\/wp-json\/wp\/v2\/comments?post=2799"}],"version-history":[{"count":2,"href":"https:\/\/somakboutique.com\/en\/wp-json\/wp\/v2\/product\/2799\/revisions"}],"predecessor-version":[{"id":8474,"href":"https:\/\/somakboutique.com\/en\/wp-json\/wp\/v2\/product\/2799\/revisions\/8474"}],"wp:featuredmedia":[{"embeddable":true,"href":"https:\/\/somakboutique.com\/en\/wp-json\/wp\/v2\/media\/5615"}],"wp:attachment":[{"href":"https:\/\/somakboutique.com\/en\/wp-json\/wp\/v2\/media?parent=2799"}],"wp:term":[{"taxonomy":"product_brand","embeddable":true,"href":"https:\/\/somakboutique.com\/en\/wp-json\/wp\/v2\/product_brand?post=2799"},{"taxonomy":"product_cat","embeddable":true,"href":"https:\/\/somakboutique.com\/en\/wp-json\/wp\/v2\/product_cat?post=2799"},{"taxonomy":"product_tag","embeddable":true,"href":"https:\/\/somakboutique.com\/en\/wp-json\/wp\/v2\/product_tag?post=2799"}],"curies":[{"name":"wp","href":"https:\/\/api.w.org\/{rel}","templated":true}]}}