{"id":2739,"date":"2019-10-15T09:46:17","date_gmt":"2019-10-15T13:46:17","guid":{"rendered":"https:\/\/somakboutique.com\/produit\/sebumnormalizingserum\/"},"modified":"2023-12-01T00:00:31","modified_gmt":"2023-12-01T05:00:31","slug":"sebumnormalizingserum","status":"publish","type":"product","link":"https:\/\/somakboutique.com\/en\/produit\/sebumnormalizingserum\/","title":{"rendered":"SEBUM NORMALIZING SERUM"},"content":{"rendered":"<p class=\"p1\"><span class=\"s1\">Powerful serum that balances excess sebum in the skin.<\/span><\/p>\n<p class=\"p1\"><span class=\"s1\">It unblocks pores and purifies the skin for an even and refined complexion. It regulates sebum production and gives the skin a uniform and youthful appearance.<\/span><\/p>\n<p><strong><br \/>\nIngredients \/\u00a0Composition<\/strong><\/p>\n<p class=\"p1\"><span class=\"s1\"><span style=\"text-decoration: underline;\">EXTRACT FROM MACLURA COCHINCHINENSIS LEAVES<\/span><br \/>\nAction on propionibacterium acnes.<\/span><\/p>\n<p class=\"p1\"><span class=\"s1\">Regulates sebum production. Standardize.<br \/>\n<\/span><\/p>\n<p class=\"p1\"><span style=\"text-decoration: underline;\"><span class=\"s1\">EPILOBIUM EXTRACT<\/span><\/span><\/p>\n<p class=\"p1\"><span class=\"s1\">Regulates sebum production, action on pore size, re-equilibrates the flora of the skin surface.<br \/>\n<\/span><\/p>\n<p><strong>Use<\/strong><\/p>\n<p>Sur une peau nettoy\u00e9e, pr\u00e9lever 1 pipette enti\u00e8re pour le visage et le cou.<\/p>\n<p class=\"p1\"><span class=\"s1\">On a cleansed skin, take 1 whole pipette for the face and neck.<\/span><\/p>\n<p class=\"p1\"><span class=\"s1\">1 additional pipette for the neckline. Rub the serum in, applying pressure and smoothing from the centre of the face outwards until it is completely absorbed. Then apply the cosmetic product of your choice depending on the step of care.<\/span><\/p>\n<p><strong>Suggestions\u00a0\/\u00a0Precautions<\/strong><\/p>\n<ul>\n<li>\u00a0\u00a0\u00a0\u00a0\u00a0\u00a0\u00a0\u00a0\u00a0\u00a0Either pure<\/li>\n<li>\u00a0\u00a0\u00a0\u00a0\u00a0\u00a0\u00a0\u00a0\u00a0\u00a0Either mixed with other serums<\/li>\n<li>\u00a0\u00a0\u00a0\u00a0\u00a0\u00a0\u00a0\u00a0\u00a0\u00a0Either mixed with massage creams, masks or creams<\/li>\n<\/ul>\n<p>Avoid the eye area.<\/p>\n<p><strong>*Keep away from sources of heat<\/strong><\/p>\n<p><strong>Size<\/strong><\/p>\n<p>30 ml dropper bottle<br \/>\nFor approximately 10 treatments<\/p>\n<p><strong>Galenic texture<\/strong><\/p>\n<p>Fluid<\/p>\n<p><strong>Galenic colour<\/strong><\/p>\n<p>White<\/p>\n<p><strong>Skin type<\/strong><\/p>\n<p><span lang=\"EN-CA\">Mixed to oily skin<\/span><\/p>\n<p>&nbsp;<\/p>\n","protected":false},"excerpt":{"rendered":"<p class=\"p1\"><span class=\"s1\">Fluid and powdery.<br \/>\nIonizable +\/-.<\/span><\/p>\n","protected":false},"featured_media":5175,"comment_status":"open","ping_status":"closed","template":"","meta":{"site-sidebar-layout":"default","site-content-layout":"default","ast-site-content-layout":"default","site-content-style":"default","site-sidebar-style":"default","ast-global-header-display":"","ast-banner-title-visibility":"","ast-main-header-display":"","ast-hfb-above-header-display":"","ast-hfb-below-header-display":"","ast-hfb-mobile-header-display":"","site-post-title":"","ast-breadcrumbs-content":"","ast-featured-img":"","footer-sml-layout":"","ast-disable-related-posts":"","theme-transparent-header-meta":"default","adv-header-id-meta":"","stick-header-meta":"default","header-above-stick-meta":"","header-main-stick-meta":"","header-below-stick-meta":"","astra-migrate-meta-layouts":"default","ast-page-background-enabled":"default","ast-page-background-meta":{"desktop":{"background-color":"","background-image":"","background-repeat":"repeat","background-position":"center center","background-size":"auto","background-attachment":"scroll","background-type":"","background-media":"","overlay-type":"","overlay-color":"","overlay-opacity":"","overlay-gradient":""},"tablet":{"background-color":"","background-image":"","background-repeat":"repeat","background-position":"center center","background-size":"auto","background-attachment":"scroll","background-type":"","background-media":"","overlay-type":"","overlay-color":"","overlay-opacity":"","overlay-gradient":""},"mobile":{"background-color":"","background-image":"","background-repeat":"repeat","background-position":"center center","background-size":"auto","background-attachment":"scroll","background-type":"","background-media":"","overlay-type":"","overlay-color":"","overlay-opacity":"","overlay-gradient":""}},"ast-content-background-meta":{"desktop":{"background-color":"var(--ast-global-color-5)","background-image":"","background-repeat":"repeat","background-position":"center center","background-size":"auto","background-attachment":"scroll","background-type":"","background-media":"","overlay-type":"","overlay-color":"","overlay-opacity":"","overlay-gradient":""},"tablet":{"background-color":"var(--ast-global-color-5)","background-image":"","background-repeat":"repeat","background-position":"center center","background-size":"auto","background-attachment":"scroll","background-type":"","background-media":"","overlay-type":"","overlay-color":"","overlay-opacity":"","overlay-gradient":""},"mobile":{"background-color":"var(--ast-global-color-5)","background-image":"","background-repeat":"repeat","background-position":"center center","background-size":"auto","background-attachment":"scroll","background-type":"","background-media":"","overlay-type":"","overlay-color":"","overlay-opacity":"","overlay-gradient":""}}},"product_brand":[],"product_cat":[8996,66,230,54],"product_tag":[],"class_list":{"0":"post-2739","1":"product","2":"type-product","3":"status-publish","4":"has-post-thumbnail","6":"product_cat-cabex-pro-en","7":"product_cat-face-care-en","8":"product_cat-serums-en","9":"product_cat-skin-care-en","10":"desktop-align-left","11":"tablet-align-left","12":"mobile-align-left","13":"ast-product-gallery-layout-horizontal-slider","14":"ast-product-gallery-with-no-image","15":"ast-product-tabs-layout-horizontal","17":"first","18":"instock","19":"taxable","20":"shipping-taxable","21":"product-type-simple"},"yoast_head":"<!-- This site is optimized with the Yoast SEO plugin v27.3 - https:\/\/yoast.com\/product\/yoast-seo-wordpress\/ -->\n<title>SEBUM NORMALIZING SERUM - SOMAK BOUTIQUE<\/title>\n<meta name=\"robots\" content=\"index, follow, max-snippet:-1, max-image-preview:large, max-video-preview:-1\" \/>\n<link rel=\"canonical\" href=\"https:\/\/somakboutique.com\/produit\/serumsebonormalisant\/\" \/>\n<meta property=\"og:locale\" content=\"en_US\" \/>\n<meta property=\"og:type\" content=\"article\" \/>\n<meta property=\"og:title\" content=\"SEBUM NORMALIZING SERUM - SOMAK BOUTIQUE\" \/>\n<meta property=\"og:description\" content=\"Fluid and powdery. Ionizable +\/-.\" \/>\n<meta property=\"og:url\" content=\"https:\/\/somakboutique.com\/produit\/serumsebonormalisant\/\" \/>\n<meta property=\"og:site_name\" content=\"SOMAK BOUTIQUE\" \/>\n<meta property=\"article:modified_time\" content=\"2023-12-01T05:00:31+00:00\" \/>\n<meta property=\"og:image\" content=\"https:\/\/somakboutique.com\/wp-content\/uploads\/2021\/07\/1472.png\" \/>\n\t<meta property=\"og:image:width\" content=\"500\" \/>\n\t<meta property=\"og:image:height\" content=\"500\" \/>\n\t<meta property=\"og:image:type\" content=\"image\/png\" \/>\n<meta name=\"twitter:card\" content=\"summary_large_image\" \/>\n<meta name=\"twitter:label1\" content=\"Est. reading time\" \/>\n\t<meta name=\"twitter:data1\" content=\"1 minute\" \/>\n<script type=\"application\/ld+json\" class=\"yoast-schema-graph\">{\"@context\":\"https:\\\/\\\/schema.org\",\"@graph\":[{\"@type\":\"WebPage\",\"@id\":\"https:\\\/\\\/somakboutique.com\\\/produit\\\/serumsebonormalisant\\\/\",\"url\":\"https:\\\/\\\/somakboutique.com\\\/produit\\\/serumsebonormalisant\\\/\",\"name\":\"SEBUM NORMALIZING SERUM - SOMAK BOUTIQUE\",\"isPartOf\":{\"@id\":\"https:\\\/\\\/somakboutique.com\\\/#website\"},\"primaryImageOfPage\":{\"@id\":\"https:\\\/\\\/somakboutique.com\\\/produit\\\/serumsebonormalisant\\\/#primaryimage\"},\"image\":{\"@id\":\"https:\\\/\\\/somakboutique.com\\\/produit\\\/serumsebonormalisant\\\/#primaryimage\"},\"thumbnailUrl\":\"https:\\\/\\\/somakboutique.com\\\/wp-content\\\/uploads\\\/2021\\\/07\\\/1472.png\",\"datePublished\":\"2019-10-15T13:46:17+00:00\",\"dateModified\":\"2023-12-01T05:00:31+00:00\",\"breadcrumb\":{\"@id\":\"https:\\\/\\\/somakboutique.com\\\/produit\\\/serumsebonormalisant\\\/#breadcrumb\"},\"inLanguage\":\"en-US\",\"potentialAction\":[{\"@type\":\"ReadAction\",\"target\":[\"https:\\\/\\\/somakboutique.com\\\/produit\\\/serumsebonormalisant\\\/\"]}]},{\"@type\":\"ImageObject\",\"inLanguage\":\"en-US\",\"@id\":\"https:\\\/\\\/somakboutique.com\\\/produit\\\/serumsebonormalisant\\\/#primaryimage\",\"url\":\"https:\\\/\\\/somakboutique.com\\\/wp-content\\\/uploads\\\/2021\\\/07\\\/1472.png\",\"contentUrl\":\"https:\\\/\\\/somakboutique.com\\\/wp-content\\\/uploads\\\/2021\\\/07\\\/1472.png\",\"width\":500,\"height\":500},{\"@type\":\"BreadcrumbList\",\"@id\":\"https:\\\/\\\/somakboutique.com\\\/produit\\\/serumsebonormalisant\\\/#breadcrumb\",\"itemListElement\":[{\"@type\":\"ListItem\",\"position\":1,\"name\":\"Accueil\",\"item\":\"https:\\\/\\\/somakboutique.com\\\/\"},{\"@type\":\"ListItem\",\"position\":2,\"name\":\"Shop\",\"item\":\"https:\\\/\\\/somakboutique.com\\\/en\\\/shop\\\/\"},{\"@type\":\"ListItem\",\"position\":3,\"name\":\"SEBUM NORMALIZING SERUM\"}]},{\"@type\":\"WebSite\",\"@id\":\"https:\\\/\\\/somakboutique.com\\\/#website\",\"url\":\"https:\\\/\\\/somakboutique.com\\\/\",\"name\":\"SOMAK BOUTIQUE\",\"description\":\"LE CHOIX DES PROFESSIONNELS\",\"publisher\":{\"@id\":\"https:\\\/\\\/somakboutique.com\\\/#organization\"},\"potentialAction\":[{\"@type\":\"SearchAction\",\"target\":{\"@type\":\"EntryPoint\",\"urlTemplate\":\"https:\\\/\\\/somakboutique.com\\\/?s={search_term_string}\"},\"query-input\":{\"@type\":\"PropertyValueSpecification\",\"valueRequired\":true,\"valueName\":\"search_term_string\"}}],\"inLanguage\":\"en-US\"},{\"@type\":\"Organization\",\"@id\":\"https:\\\/\\\/somakboutique.com\\\/#organization\",\"name\":\"SOMAK BOUTIQUE\",\"url\":\"https:\\\/\\\/somakboutique.com\\\/\",\"logo\":{\"@type\":\"ImageObject\",\"inLanguage\":\"en-US\",\"@id\":\"https:\\\/\\\/somakboutique.com\\\/#\\\/schema\\\/logo\\\/image\\\/\",\"url\":\"https:\\\/\\\/somakboutique.com\\\/wp-content\\\/uploads\\\/2021\\\/08\\\/logo2021_noir_500x500.png\",\"contentUrl\":\"https:\\\/\\\/somakboutique.com\\\/wp-content\\\/uploads\\\/2021\\\/08\\\/logo2021_noir_500x500.png\",\"width\":500,\"height\":500,\"caption\":\"SOMAK BOUTIQUE\"},\"image\":{\"@id\":\"https:\\\/\\\/somakboutique.com\\\/#\\\/schema\\\/logo\\\/image\\\/\"}}]}<\/script>\n<!-- \/ Yoast SEO plugin. -->","yoast_head_json":{"title":"SEBUM NORMALIZING SERUM - SOMAK BOUTIQUE","robots":{"index":"index","follow":"follow","max-snippet":"max-snippet:-1","max-image-preview":"max-image-preview:large","max-video-preview":"max-video-preview:-1"},"canonical":"https:\/\/somakboutique.com\/produit\/serumsebonormalisant\/","og_locale":"en_US","og_type":"article","og_title":"SEBUM NORMALIZING SERUM - SOMAK BOUTIQUE","og_description":"Fluid and powdery. Ionizable +\/-.","og_url":"https:\/\/somakboutique.com\/produit\/serumsebonormalisant\/","og_site_name":"SOMAK BOUTIQUE","article_modified_time":"2023-12-01T05:00:31+00:00","og_image":[{"width":500,"height":500,"url":"https:\/\/somakboutique.com\/wp-content\/uploads\/2021\/07\/1472.png","type":"image\/png"}],"twitter_card":"summary_large_image","twitter_misc":{"Est. reading time":"1 minute"},"schema":{"@context":"https:\/\/schema.org","@graph":[{"@type":"WebPage","@id":"https:\/\/somakboutique.com\/produit\/serumsebonormalisant\/","url":"https:\/\/somakboutique.com\/produit\/serumsebonormalisant\/","name":"SEBUM NORMALIZING SERUM - SOMAK BOUTIQUE","isPartOf":{"@id":"https:\/\/somakboutique.com\/#website"},"primaryImageOfPage":{"@id":"https:\/\/somakboutique.com\/produit\/serumsebonormalisant\/#primaryimage"},"image":{"@id":"https:\/\/somakboutique.com\/produit\/serumsebonormalisant\/#primaryimage"},"thumbnailUrl":"https:\/\/somakboutique.com\/wp-content\/uploads\/2021\/07\/1472.png","datePublished":"2019-10-15T13:46:17+00:00","dateModified":"2023-12-01T05:00:31+00:00","breadcrumb":{"@id":"https:\/\/somakboutique.com\/produit\/serumsebonormalisant\/#breadcrumb"},"inLanguage":"en-US","potentialAction":[{"@type":"ReadAction","target":["https:\/\/somakboutique.com\/produit\/serumsebonormalisant\/"]}]},{"@type":"ImageObject","inLanguage":"en-US","@id":"https:\/\/somakboutique.com\/produit\/serumsebonormalisant\/#primaryimage","url":"https:\/\/somakboutique.com\/wp-content\/uploads\/2021\/07\/1472.png","contentUrl":"https:\/\/somakboutique.com\/wp-content\/uploads\/2021\/07\/1472.png","width":500,"height":500},{"@type":"BreadcrumbList","@id":"https:\/\/somakboutique.com\/produit\/serumsebonormalisant\/#breadcrumb","itemListElement":[{"@type":"ListItem","position":1,"name":"Accueil","item":"https:\/\/somakboutique.com\/"},{"@type":"ListItem","position":2,"name":"Shop","item":"https:\/\/somakboutique.com\/en\/shop\/"},{"@type":"ListItem","position":3,"name":"SEBUM NORMALIZING SERUM"}]},{"@type":"WebSite","@id":"https:\/\/somakboutique.com\/#website","url":"https:\/\/somakboutique.com\/","name":"SOMAK BOUTIQUE","description":"LE CHOIX DES PROFESSIONNELS","publisher":{"@id":"https:\/\/somakboutique.com\/#organization"},"potentialAction":[{"@type":"SearchAction","target":{"@type":"EntryPoint","urlTemplate":"https:\/\/somakboutique.com\/?s={search_term_string}"},"query-input":{"@type":"PropertyValueSpecification","valueRequired":true,"valueName":"search_term_string"}}],"inLanguage":"en-US"},{"@type":"Organization","@id":"https:\/\/somakboutique.com\/#organization","name":"SOMAK BOUTIQUE","url":"https:\/\/somakboutique.com\/","logo":{"@type":"ImageObject","inLanguage":"en-US","@id":"https:\/\/somakboutique.com\/#\/schema\/logo\/image\/","url":"https:\/\/somakboutique.com\/wp-content\/uploads\/2021\/08\/logo2021_noir_500x500.png","contentUrl":"https:\/\/somakboutique.com\/wp-content\/uploads\/2021\/08\/logo2021_noir_500x500.png","width":500,"height":500,"caption":"SOMAK BOUTIQUE"},"image":{"@id":"https:\/\/somakboutique.com\/#\/schema\/logo\/image\/"}}]}},"_links":{"self":[{"href":"https:\/\/somakboutique.com\/en\/wp-json\/wp\/v2\/product\/2739","targetHints":{"allow":["GET"]}}],"collection":[{"href":"https:\/\/somakboutique.com\/en\/wp-json\/wp\/v2\/product"}],"about":[{"href":"https:\/\/somakboutique.com\/en\/wp-json\/wp\/v2\/types\/product"}],"replies":[{"embeddable":true,"href":"https:\/\/somakboutique.com\/en\/wp-json\/wp\/v2\/comments?post=2739"}],"version-history":[{"count":1,"href":"https:\/\/somakboutique.com\/en\/wp-json\/wp\/v2\/product\/2739\/revisions"}],"predecessor-version":[{"id":10289,"href":"https:\/\/somakboutique.com\/en\/wp-json\/wp\/v2\/product\/2739\/revisions\/10289"}],"wp:featuredmedia":[{"embeddable":true,"href":"https:\/\/somakboutique.com\/en\/wp-json\/wp\/v2\/media\/5175"}],"wp:attachment":[{"href":"https:\/\/somakboutique.com\/en\/wp-json\/wp\/v2\/media?parent=2739"}],"wp:term":[{"taxonomy":"product_brand","embeddable":true,"href":"https:\/\/somakboutique.com\/en\/wp-json\/wp\/v2\/product_brand?post=2739"},{"taxonomy":"product_cat","embeddable":true,"href":"https:\/\/somakboutique.com\/en\/wp-json\/wp\/v2\/product_cat?post=2739"},{"taxonomy":"product_tag","embeddable":true,"href":"https:\/\/somakboutique.com\/en\/wp-json\/wp\/v2\/product_tag?post=2739"}],"curies":[{"name":"wp","href":"https:\/\/api.w.org\/{rel}","templated":true}]}}