{"id":244,"date":"2015-09-17T20:00:00","date_gmt":"2015-09-18T00:00:00","guid":{"rendered":"https:\/\/somakboutique.com\/produit\/f4-ballet-or-non-insulated-probes\/"},"modified":"2023-03-07T11:07:22","modified_gmt":"2023-03-07T16:07:22","slug":"f4-ballet-or-non-insulated-probes","status":"publish","type":"product","link":"https:\/\/somakboutique.com\/en\/produit\/f4-ballet-or-non-insulated-probes\/","title":{"rendered":"F4 BALLET OR NON-INSULATED PROBES"},"content":{"rendered":"<p><strong>Beauty benefits<\/strong><\/p>\n<p>F4 Medium to coarse hair<\/p>\n<ul>\n<li>Sterile electrolysis probes\u00a0plated with nickel-free 24 carat gold.<\/li>\n<li>For clients with allergies and\/or who have sensitive to very sensitive skin.<\/li>\n<li>Insertions are smooth, precise and comfortable.<\/li>\n<li>Suitable for all hair types and areas of the body.<\/li>\n<\/ul>\n<p>Size: 50 \/ box<\/p>\n<p>&nbsp;<\/p>\n","protected":false},"excerpt":{"rendered":"<p>F4 Medium to coarse hair<\/p>\n","protected":false},"featured_media":5331,"comment_status":"open","ping_status":"closed","template":"","meta":{"site-sidebar-layout":"default","site-content-layout":"default","ast-site-content-layout":"default","site-content-style":"default","site-sidebar-style":"default","ast-global-header-display":"","ast-banner-title-visibility":"","ast-main-header-display":"","ast-hfb-above-header-display":"","ast-hfb-below-header-display":"","ast-hfb-mobile-header-display":"","site-post-title":"","ast-breadcrumbs-content":"","ast-featured-img":"","footer-sml-layout":"","ast-disable-related-posts":"","theme-transparent-header-meta":"default","adv-header-id-meta":"","stick-header-meta":"default","header-above-stick-meta":"","header-main-stick-meta":"","header-below-stick-meta":"","astra-migrate-meta-layouts":"default","ast-page-background-enabled":"default","ast-page-background-meta":{"desktop":{"background-color":"","background-image":"","background-repeat":"repeat","background-position":"center center","background-size":"auto","background-attachment":"scroll","background-type":"","background-media":"","overlay-type":"","overlay-color":"","overlay-opacity":"","overlay-gradient":""},"tablet":{"background-color":"","background-image":"","background-repeat":"repeat","background-position":"center center","background-size":"auto","background-attachment":"scroll","background-type":"","background-media":"","overlay-type":"","overlay-color":"","overlay-opacity":"","overlay-gradient":""},"mobile":{"background-color":"","background-image":"","background-repeat":"repeat","background-position":"center center","background-size":"auto","background-attachment":"scroll","background-type":"","background-media":"","overlay-type":"","overlay-color":"","overlay-opacity":"","overlay-gradient":""}},"ast-content-background-meta":{"desktop":{"background-color":"var(--ast-global-color-5)","background-image":"","background-repeat":"repeat","background-position":"center center","background-size":"auto","background-attachment":"scroll","background-type":"","background-media":"","overlay-type":"","overlay-color":"","overlay-opacity":"","overlay-gradient":""},"tablet":{"background-color":"var(--ast-global-color-5)","background-image":"","background-repeat":"repeat","background-position":"center center","background-size":"auto","background-attachment":"scroll","background-type":"","background-media":"","overlay-type":"","overlay-color":"","overlay-opacity":"","overlay-gradient":""},"mobile":{"background-color":"var(--ast-global-color-5)","background-image":"","background-repeat":"repeat","background-position":"center center","background-size":"auto","background-attachment":"scroll","background-type":"","background-media":"","overlay-type":"","overlay-color":"","overlay-opacity":"","overlay-gradient":""}}},"product_brand":[],"product_cat":[314,58,72,200,54],"product_tag":[4326,4314,4323,9077,4306,4251,4252],"class_list":{"0":"post-244","1":"product","2":"type-product","3":"status-publish","4":"has-post-thumbnail","6":"product_cat-ballet-en","7":"product_cat-hair-removal-en","8":"product_cat-permanent-hair-removal-en","9":"product_cat-probes-en","10":"product_cat-skin-care-en","11":"product_tag-377832-en","12":"product_tag-ballet-en","13":"product_tag-ballet-or-en","14":"product_tag-electrolyse-en","15":"product_tag-f4-en","16":"product_tag-related-to-411016-en","17":"product_tag-related-to-411100-en","18":"desktop-align-left","19":"tablet-align-left","20":"mobile-align-left","21":"ast-product-gallery-layout-horizontal-slider","22":"ast-product-gallery-with-no-image","23":"ast-product-tabs-layout-horizontal","25":"first","26":"instock","27":"taxable","28":"shipping-taxable","29":"product-type-simple"},"yoast_head":"<!-- This site is optimized with the Yoast SEO plugin v27.3 - https:\/\/yoast.com\/product\/yoast-seo-wordpress\/ -->\n<title>Somak Boutique | Filaments \u00c9lectrolyse | Ballet Or Non-Isol\u00e9s F4<\/title>\n<meta name=\"description\" content=\"Filament Ballet Or Non-Isol\u00e9s F4. Medium to coarse hair. Exclusivement pour les professionnels en \u00e9lectrolyse. Achetez-le d\u00e8s maintenant.\" \/>\n<meta name=\"robots\" content=\"index, follow, max-snippet:-1, max-image-preview:large, max-video-preview:-1\" \/>\n<link rel=\"canonical\" href=\"https:\/\/somakboutique.com\/en\/produit\/f4-ballet-or-non-insulated-probes\/\" \/>\n<meta property=\"og:locale\" content=\"en_US\" \/>\n<meta property=\"og:type\" content=\"article\" \/>\n<meta property=\"og:title\" content=\"Somak Boutique | Filaments \u00c9lectrolyse | Ballet Or Non-Isol\u00e9s F4\" \/>\n<meta property=\"og:description\" content=\"Filament Ballet Or Non-Isol\u00e9s F4. Medium to coarse hair. Exclusivement pour les professionnels en \u00e9lectrolyse. Achetez-le d\u00e8s maintenant.\" \/>\n<meta property=\"og:url\" content=\"https:\/\/somakboutique.com\/en\/produit\/f4-ballet-or-non-insulated-probes\/\" \/>\n<meta property=\"og:site_name\" content=\"SOMAK BOUTIQUE\" \/>\n<meta property=\"article:modified_time\" content=\"2023-03-07T16:07:22+00:00\" \/>\n<meta property=\"og:image\" content=\"https:\/\/somakboutique.com\/wp-content\/uploads\/2021\/07\/829.png\" \/>\n\t<meta property=\"og:image:width\" content=\"500\" \/>\n\t<meta property=\"og:image:height\" content=\"500\" \/>\n\t<meta property=\"og:image:type\" content=\"image\/png\" \/>\n<meta name=\"twitter:card\" content=\"summary_large_image\" \/>\n<meta name=\"twitter:label1\" content=\"Est. reading time\" \/>\n\t<meta name=\"twitter:data1\" content=\"1 minute\" \/>\n<script type=\"application\/ld+json\" class=\"yoast-schema-graph\">{\"@context\":\"https:\\\/\\\/schema.org\",\"@graph\":[{\"@type\":\"WebPage\",\"@id\":\"https:\\\/\\\/somakboutique.com\\\/en\\\/produit\\\/f4-ballet-or-non-insulated-probes\\\/\",\"url\":\"https:\\\/\\\/somakboutique.com\\\/en\\\/produit\\\/f4-ballet-or-non-insulated-probes\\\/\",\"name\":\"Somak Boutique | Filaments \u00c9lectrolyse | Ballet Or Non-Isol\u00e9s F4\",\"isPartOf\":{\"@id\":\"https:\\\/\\\/somakboutique.com\\\/#website\"},\"primaryImageOfPage\":{\"@id\":\"https:\\\/\\\/somakboutique.com\\\/en\\\/produit\\\/f4-ballet-or-non-insulated-probes\\\/#primaryimage\"},\"image\":{\"@id\":\"https:\\\/\\\/somakboutique.com\\\/en\\\/produit\\\/f4-ballet-or-non-insulated-probes\\\/#primaryimage\"},\"thumbnailUrl\":\"https:\\\/\\\/somakboutique.com\\\/wp-content\\\/uploads\\\/2021\\\/07\\\/829.png\",\"datePublished\":\"2015-09-18T00:00:00+00:00\",\"dateModified\":\"2023-03-07T16:07:22+00:00\",\"description\":\"Filament Ballet Or Non-Isol\u00e9s F4. Medium to coarse hair. Exclusivement pour les professionnels en \u00e9lectrolyse. Achetez-le d\u00e8s maintenant.\",\"breadcrumb\":{\"@id\":\"https:\\\/\\\/somakboutique.com\\\/en\\\/produit\\\/f4-ballet-or-non-insulated-probes\\\/#breadcrumb\"},\"inLanguage\":\"en-US\",\"potentialAction\":[{\"@type\":\"ReadAction\",\"target\":[\"https:\\\/\\\/somakboutique.com\\\/en\\\/produit\\\/f4-ballet-or-non-insulated-probes\\\/\"]}]},{\"@type\":\"ImageObject\",\"inLanguage\":\"en-US\",\"@id\":\"https:\\\/\\\/somakboutique.com\\\/en\\\/produit\\\/f4-ballet-or-non-insulated-probes\\\/#primaryimage\",\"url\":\"https:\\\/\\\/somakboutique.com\\\/wp-content\\\/uploads\\\/2021\\\/07\\\/829.png\",\"contentUrl\":\"https:\\\/\\\/somakboutique.com\\\/wp-content\\\/uploads\\\/2021\\\/07\\\/829.png\",\"width\":500,\"height\":500},{\"@type\":\"BreadcrumbList\",\"@id\":\"https:\\\/\\\/somakboutique.com\\\/en\\\/produit\\\/f4-ballet-or-non-insulated-probes\\\/#breadcrumb\",\"itemListElement\":[{\"@type\":\"ListItem\",\"position\":1,\"name\":\"Accueil\",\"item\":\"https:\\\/\\\/somakboutique.com\\\/\"},{\"@type\":\"ListItem\",\"position\":2,\"name\":\"Shop\",\"item\":\"https:\\\/\\\/somakboutique.com\\\/en\\\/shop\\\/\"},{\"@type\":\"ListItem\",\"position\":3,\"name\":\"F4 BALLET OR NON-INSULATED PROBES\"}]},{\"@type\":\"WebSite\",\"@id\":\"https:\\\/\\\/somakboutique.com\\\/#website\",\"url\":\"https:\\\/\\\/somakboutique.com\\\/\",\"name\":\"SOMAK BOUTIQUE\",\"description\":\"LE CHOIX DES PROFESSIONNELS\",\"publisher\":{\"@id\":\"https:\\\/\\\/somakboutique.com\\\/#organization\"},\"potentialAction\":[{\"@type\":\"SearchAction\",\"target\":{\"@type\":\"EntryPoint\",\"urlTemplate\":\"https:\\\/\\\/somakboutique.com\\\/?s={search_term_string}\"},\"query-input\":{\"@type\":\"PropertyValueSpecification\",\"valueRequired\":true,\"valueName\":\"search_term_string\"}}],\"inLanguage\":\"en-US\"},{\"@type\":\"Organization\",\"@id\":\"https:\\\/\\\/somakboutique.com\\\/#organization\",\"name\":\"SOMAK BOUTIQUE\",\"url\":\"https:\\\/\\\/somakboutique.com\\\/\",\"logo\":{\"@type\":\"ImageObject\",\"inLanguage\":\"en-US\",\"@id\":\"https:\\\/\\\/somakboutique.com\\\/#\\\/schema\\\/logo\\\/image\\\/\",\"url\":\"https:\\\/\\\/somakboutique.com\\\/wp-content\\\/uploads\\\/2021\\\/08\\\/logo2021_noir_500x500.png\",\"contentUrl\":\"https:\\\/\\\/somakboutique.com\\\/wp-content\\\/uploads\\\/2021\\\/08\\\/logo2021_noir_500x500.png\",\"width\":500,\"height\":500,\"caption\":\"SOMAK BOUTIQUE\"},\"image\":{\"@id\":\"https:\\\/\\\/somakboutique.com\\\/#\\\/schema\\\/logo\\\/image\\\/\"}}]}<\/script>\n<!-- \/ Yoast SEO plugin. -->","yoast_head_json":{"title":"Somak Boutique | Filaments \u00c9lectrolyse | Ballet Or Non-Isol\u00e9s F4","description":"Filament Ballet Or Non-Isol\u00e9s F4. Medium to coarse hair. Exclusivement pour les professionnels en \u00e9lectrolyse. Achetez-le d\u00e8s maintenant.","robots":{"index":"index","follow":"follow","max-snippet":"max-snippet:-1","max-image-preview":"max-image-preview:large","max-video-preview":"max-video-preview:-1"},"canonical":"https:\/\/somakboutique.com\/en\/produit\/f4-ballet-or-non-insulated-probes\/","og_locale":"en_US","og_type":"article","og_title":"Somak Boutique | Filaments \u00c9lectrolyse | Ballet Or Non-Isol\u00e9s F4","og_description":"Filament Ballet Or Non-Isol\u00e9s F4. Medium to coarse hair. Exclusivement pour les professionnels en \u00e9lectrolyse. Achetez-le d\u00e8s maintenant.","og_url":"https:\/\/somakboutique.com\/en\/produit\/f4-ballet-or-non-insulated-probes\/","og_site_name":"SOMAK BOUTIQUE","article_modified_time":"2023-03-07T16:07:22+00:00","og_image":[{"width":500,"height":500,"url":"https:\/\/somakboutique.com\/wp-content\/uploads\/2021\/07\/829.png","type":"image\/png"}],"twitter_card":"summary_large_image","twitter_misc":{"Est. reading time":"1 minute"},"schema":{"@context":"https:\/\/schema.org","@graph":[{"@type":"WebPage","@id":"https:\/\/somakboutique.com\/en\/produit\/f4-ballet-or-non-insulated-probes\/","url":"https:\/\/somakboutique.com\/en\/produit\/f4-ballet-or-non-insulated-probes\/","name":"Somak Boutique | Filaments \u00c9lectrolyse | Ballet Or Non-Isol\u00e9s F4","isPartOf":{"@id":"https:\/\/somakboutique.com\/#website"},"primaryImageOfPage":{"@id":"https:\/\/somakboutique.com\/en\/produit\/f4-ballet-or-non-insulated-probes\/#primaryimage"},"image":{"@id":"https:\/\/somakboutique.com\/en\/produit\/f4-ballet-or-non-insulated-probes\/#primaryimage"},"thumbnailUrl":"https:\/\/somakboutique.com\/wp-content\/uploads\/2021\/07\/829.png","datePublished":"2015-09-18T00:00:00+00:00","dateModified":"2023-03-07T16:07:22+00:00","description":"Filament Ballet Or Non-Isol\u00e9s F4. Medium to coarse hair. Exclusivement pour les professionnels en \u00e9lectrolyse. Achetez-le d\u00e8s maintenant.","breadcrumb":{"@id":"https:\/\/somakboutique.com\/en\/produit\/f4-ballet-or-non-insulated-probes\/#breadcrumb"},"inLanguage":"en-US","potentialAction":[{"@type":"ReadAction","target":["https:\/\/somakboutique.com\/en\/produit\/f4-ballet-or-non-insulated-probes\/"]}]},{"@type":"ImageObject","inLanguage":"en-US","@id":"https:\/\/somakboutique.com\/en\/produit\/f4-ballet-or-non-insulated-probes\/#primaryimage","url":"https:\/\/somakboutique.com\/wp-content\/uploads\/2021\/07\/829.png","contentUrl":"https:\/\/somakboutique.com\/wp-content\/uploads\/2021\/07\/829.png","width":500,"height":500},{"@type":"BreadcrumbList","@id":"https:\/\/somakboutique.com\/en\/produit\/f4-ballet-or-non-insulated-probes\/#breadcrumb","itemListElement":[{"@type":"ListItem","position":1,"name":"Accueil","item":"https:\/\/somakboutique.com\/"},{"@type":"ListItem","position":2,"name":"Shop","item":"https:\/\/somakboutique.com\/en\/shop\/"},{"@type":"ListItem","position":3,"name":"F4 BALLET OR NON-INSULATED PROBES"}]},{"@type":"WebSite","@id":"https:\/\/somakboutique.com\/#website","url":"https:\/\/somakboutique.com\/","name":"SOMAK BOUTIQUE","description":"LE CHOIX DES PROFESSIONNELS","publisher":{"@id":"https:\/\/somakboutique.com\/#organization"},"potentialAction":[{"@type":"SearchAction","target":{"@type":"EntryPoint","urlTemplate":"https:\/\/somakboutique.com\/?s={search_term_string}"},"query-input":{"@type":"PropertyValueSpecification","valueRequired":true,"valueName":"search_term_string"}}],"inLanguage":"en-US"},{"@type":"Organization","@id":"https:\/\/somakboutique.com\/#organization","name":"SOMAK BOUTIQUE","url":"https:\/\/somakboutique.com\/","logo":{"@type":"ImageObject","inLanguage":"en-US","@id":"https:\/\/somakboutique.com\/#\/schema\/logo\/image\/","url":"https:\/\/somakboutique.com\/wp-content\/uploads\/2021\/08\/logo2021_noir_500x500.png","contentUrl":"https:\/\/somakboutique.com\/wp-content\/uploads\/2021\/08\/logo2021_noir_500x500.png","width":500,"height":500,"caption":"SOMAK BOUTIQUE"},"image":{"@id":"https:\/\/somakboutique.com\/#\/schema\/logo\/image\/"}}]}},"_links":{"self":[{"href":"https:\/\/somakboutique.com\/en\/wp-json\/wp\/v2\/product\/244","targetHints":{"allow":["GET"]}}],"collection":[{"href":"https:\/\/somakboutique.com\/en\/wp-json\/wp\/v2\/product"}],"about":[{"href":"https:\/\/somakboutique.com\/en\/wp-json\/wp\/v2\/types\/product"}],"replies":[{"embeddable":true,"href":"https:\/\/somakboutique.com\/en\/wp-json\/wp\/v2\/comments?post=244"}],"version-history":[{"count":1,"href":"https:\/\/somakboutique.com\/en\/wp-json\/wp\/v2\/product\/244\/revisions"}],"predecessor-version":[{"id":10413,"href":"https:\/\/somakboutique.com\/en\/wp-json\/wp\/v2\/product\/244\/revisions\/10413"}],"wp:featuredmedia":[{"embeddable":true,"href":"https:\/\/somakboutique.com\/en\/wp-json\/wp\/v2\/media\/5331"}],"wp:attachment":[{"href":"https:\/\/somakboutique.com\/en\/wp-json\/wp\/v2\/media?parent=244"}],"wp:term":[{"taxonomy":"product_brand","embeddable":true,"href":"https:\/\/somakboutique.com\/en\/wp-json\/wp\/v2\/product_brand?post=244"},{"taxonomy":"product_cat","embeddable":true,"href":"https:\/\/somakboutique.com\/en\/wp-json\/wp\/v2\/product_cat?post=244"},{"taxonomy":"product_tag","embeddable":true,"href":"https:\/\/somakboutique.com\/en\/wp-json\/wp\/v2\/product_tag?post=244"}],"curies":[{"name":"wp","href":"https:\/\/api.w.org\/{rel}","templated":true}]}}