{"id":10872,"date":"2023-07-26T10:01:54","date_gmt":"2023-07-26T14:01:54","guid":{"rendered":"https:\/\/somakboutique.com\/donnees-personnelles\/"},"modified":"2024-05-06T12:15:40","modified_gmt":"2024-05-06T16:15:40","slug":"privacy-policy","status":"publish","type":"page","link":"https:\/\/somakboutique.com\/en\/privacy-policy\/","title":{"rendered":"Privacy Policy"},"content":{"rendered":"\t\t<div data-elementor-type=\"wp-page\" data-elementor-id=\"10872\" class=\"elementor elementor-10872 elementor-10866\">\n\t\t\t\t\t\t<section class=\"elementor-section elementor-top-section elementor-element elementor-element-381cfd84 elementor-section-boxed elementor-section-height-default elementor-section-height-default\" data-id=\"381cfd84\" data-element_type=\"section\" data-e-type=\"section\">\n\t\t\t\t\t\t<div class=\"elementor-container elementor-column-gap-default\">\n\t\t\t\t\t<div class=\"elementor-column elementor-col-100 elementor-top-column elementor-element elementor-element-4b2bec9c\" data-id=\"4b2bec9c\" data-element_type=\"column\" data-e-type=\"column\">\n\t\t\t<div class=\"elementor-widget-wrap elementor-element-populated\">\n\t\t\t\t\t\t<div class=\"elementor-element elementor-element-386d179 elementor-widget elementor-widget-text-editor\" data-id=\"386d179\" data-element_type=\"widget\" data-e-type=\"widget\" data-widget_type=\"text-editor.default\">\n\t\t\t\t<div class=\"elementor-widget-container\">\n\t\t\t\t\t\t\t\t\t<h2>Protection of personal information<\/h2><p style=\"font-weight: 400;\">We attach great importance to the protection of personal information of the users of our Site and, to this end, we have put in place the following policies:<\/p><p>To manage cookies and similar technologies used (&#8220;tracking pixels&#8221;, &#8220;web beacons&#8221;, etc.) and the corresponding consents, we use the &#8220;Real Cookie Banner&#8221; consent tool. Details on how &#8220;Real Cookie Banner&#8221; works can be found at <a href=\"https:\/\/devowl.io\/rcb\/data-processing\/\" target=\"_blank\" rel=\"noopener noreferrer\">https: \/\/devowl.io\/rcb\/data-processing\/<\/a>.<\/p><p>The legal basis for the processing of personal data in this context is Art. 6 (1) bed. c of the GDPR and Art. 6 (1) bed. f GDPR. Our legitimate interest is the management of cookies and similar technologies used and the corresponding consents.<\/p><p>The provision of personal data is neither contractually required nor necessary for the conclusion of a contract. You are not obliged to provide personal data. If you do not provide personal data, we will not be able to manage your consents.<\/p><h2>1.\u00a0What is personal information?<\/h2><p style=\"font-weight: 400;\">This refers to any information that relates to a natural person and allows that person to be identified.<\/p><h2>2.\u00a0What personal information do we collect?<\/h2><p style=\"font-weight: 400;\">As part of your user experience on our Site, we may collect personal information about you.<\/p><p style=\"font-weight: 400;\">You can communicate your personal information to us in different ways via our Site: either directly \u00a0when creating a customer account, requesting information, or participating in contests, indirectly via cookies.<\/p><p style=\"font-weight: 400;\">We do not collect personal information from third parties.<\/p><p style=\"font-weight: 400;\">We take care to collect only the information that is strictly necessary to provide you with the most enjoyableuser experience and to provide you with the services you have subscribed to.<\/p><p style=\"font-weight: 400;\">Fields that must be filled in are marked with an asterisk.<\/p><p style=\"font-weight: 400;\"><strong>The personal information that may be collected is as follows:<\/strong><\/p><table style=\"font-weight: 400;\" width=\"653\"><tbody><tr><td width=\"152\"><p><strong>\u00a0<\/strong><\/p><p><strong>Situations wherepersonalinformation may becollected<\/strong><\/p><\/td><td width=\"160\"><strong>Nature ofinformation \u00a0collected<\/strong><\/td><td width=\"171\"><strong>Purpose of the processing carried out by us<\/strong><\/td><td width=\"170\"><strong>Nature of the user&#8217;s consent<\/strong><\/td><\/tr><tr><td width=\"152\">Creation of a customer account<\/td><td width=\"160\">Last name, first name, email address<\/td><td width=\"171\">Manage customer relations; send you personalized offers<\/td><td width=\"170\"><p>Fulfillment of a contract (being able to respond to the service you have subscribed<\/p><p>to)<\/p><\/td><\/tr><tr><td width=\"152\">Request for information<\/td><td width=\"160\"><p>Company name, Last name, first name, address, phone number,<\/p><p>email address<\/p><\/td><td width=\"171\">Send you an answer<\/td><td width=\"170\">Consent<\/td><\/tr><tr><td width=\"152\">Sending a newsletter<\/td><td width=\"160\">Last name, first name, email address<\/td><td width=\"171\">Send you information about the brand<\/td><td width=\"170\">Consent<\/td><\/tr><tr><td width=\"152\">Send commercial communications<\/td><td width=\"160\">Last name, first name, email address<\/td><td width=\"171\">To send you commercial communications<\/td><td width=\"170\">Consent<\/td><\/tr><tr><td width=\"152\">Promotional operations (contests)<\/td><td width=\"160\">Nom, pr\u00e9nom,adresse, t\u00e9l\u00e9phonedes participants<\/td><td width=\"171\">Communicate about the commercial operation<\/td><td width=\"170\">Consent<\/td><\/tr><tr><td width=\"152\">Navigation (data collected by cookies)<\/td><td colspan=\"3\" width=\"501\">(On these points see policy dedicated to cookies)<\/td><\/tr><\/tbody><\/table><h2>3.\u00a0Is your consent required?<\/h2><p style=\"font-weight: 400;\">Except where we are in the course of performing a contract with you (e.g., a sales contract), your consent is always required for the collection of personal information and may be withdrawn uponrequest.<\/p><p style=\"font-weight: 400;\">In addition, we do not collect personal information from a minor under the age of 14 unless consent is given by the minor&#8217;s parent or guardian.<\/p><h2>4.\u00a0Who is the Privacy Officer?<\/h2><p style=\"font-weight: 400;\"><strong>\u00a0<\/strong>The privacy officer is:<\/p><p style=\"font-weight: 400;\">Ms. Magda Bernath<br \/>Director of Regulatory Affairs and Quality SILHOUET-TONE CORPORATION<br \/>1985 Monterey Street, Laval, Qu\u00e9becH7L 3T6<br \/>Email: <a href=\"mailto:reglementaire@silhouettone.com\">reglementaire@silhouettone.com<\/a><\/p><p>This person is responsible for ensuring compliance with and implementation of the Act and for determiningthe purposes and means of processing personal information.<\/p><h2>5.\u00a0Security, retention and destruction of personal information<\/h2><p style=\"font-weight: 400;\">We ensure the confidentiality of your personal information and put in place technical means to ensure itsconservation and eventually its destruction.<\/p><p style=\"font-weight: 400;\">Your personal information is stored on secure software with restricted and controlled access.<\/p><p style=\"font-weight: 400;\">Your personal information will be destroyed or made \u00a0anonymous when the purposes for which this information was collected or used are achieved.<\/p><h2>6.\u00a0What are your rights?<\/h2><p style=\"font-weight: 400;\">In accordance with the law in force, you have the right to information (to receive concise, transparent,understandable and easily accessible information in clear and simple terms), the right to access, rectify,oppose, erase and limit your personal information.<\/p><p style=\"font-weight: 400;\">If you exercise your right to object to and\/or delete and\/or port your data, we will not be able to providecertain services.<\/p><p style=\"font-weight: 400;\">In addition, you may withdraw your consent to the collection and processing of your personal information atany time.<\/p><p style=\"font-weight: 400;\">To exercise your rights, or to inquire about our privacy policies, please contact the Privacy Officer inwriting. In case of a disagreement, the law provides a recourse to the <em>Commission d\u2019acc\u00e8s \u00e0 l\u2019information.<\/em><\/p>\t\t\t\t\t\t\t\t<\/div>\n\t\t\t\t<\/div>\n\t\t\t\t\t<\/div>\n\t\t<\/div>\n\t\t\t\t\t<\/div>\n\t\t<\/section>\n\t\t\t\t<\/div>\n\t\t","protected":false},"excerpt":{"rendered":"<p>Protection of personal information We attach great importance to the protection of personal information of the users of our Site and, to this end, we have put in place the following policies: To manage cookies and similar technologies used (&#8220;tracking pixels&#8221;, &#8220;web beacons&#8221;, etc.) and the corresponding consents, we use the &#8220;Real Cookie Banner&#8221; consent [&hellip;]<\/p>\n","protected":false},"author":1,"featured_media":0,"parent":0,"menu_order":0,"comment_status":"closed","ping_status":"closed","template":"","meta":{"site-sidebar-layout":"default","site-content-layout":"","ast-site-content-layout":"default","site-content-style":"default","site-sidebar-style":"default","ast-global-header-display":"","ast-banner-title-visibility":"","ast-main-header-display":"","ast-hfb-above-header-display":"","ast-hfb-below-header-display":"","ast-hfb-mobile-header-display":"","site-post-title":"","ast-breadcrumbs-content":"","ast-featured-img":"","footer-sml-layout":"","ast-disable-related-posts":"","theme-transparent-header-meta":"","adv-header-id-meta":"","stick-header-meta":"","header-above-stick-meta":"","header-main-stick-meta":"","header-below-stick-meta":"","astra-migrate-meta-layouts":"default","ast-page-background-enabled":"default","ast-page-background-meta":{"desktop":{"background-color":"","background-image":"","background-repeat":"repeat","background-position":"center center","background-size":"auto","background-attachment":"scroll","background-type":"","background-media":"","overlay-type":"","overlay-color":"","overlay-opacity":"","overlay-gradient":""},"tablet":{"background-color":"","background-image":"","background-repeat":"repeat","background-position":"center center","background-size":"auto","background-attachment":"scroll","background-type":"","background-media":"","overlay-type":"","overlay-color":"","overlay-opacity":"","overlay-gradient":""},"mobile":{"background-color":"","background-image":"","background-repeat":"repeat","background-position":"center center","background-size":"auto","background-attachment":"scroll","background-type":"","background-media":"","overlay-type":"","overlay-color":"","overlay-opacity":"","overlay-gradient":""}},"ast-content-background-meta":{"desktop":{"background-color":"var(--ast-global-color-5)","background-image":"","background-repeat":"repeat","background-position":"center center","background-size":"auto","background-attachment":"scroll","background-type":"","background-media":"","overlay-type":"","overlay-color":"","overlay-opacity":"","overlay-gradient":""},"tablet":{"background-color":"var(--ast-global-color-5)","background-image":"","background-repeat":"repeat","background-position":"center center","background-size":"auto","background-attachment":"scroll","background-type":"","background-media":"","overlay-type":"","overlay-color":"","overlay-opacity":"","overlay-gradient":""},"mobile":{"background-color":"var(--ast-global-color-5)","background-image":"","background-repeat":"repeat","background-position":"center center","background-size":"auto","background-attachment":"scroll","background-type":"","background-media":"","overlay-type":"","overlay-color":"","overlay-opacity":"","overlay-gradient":""}},"footnotes":""},"class_list":["post-10872","page","type-page","status-publish","hentry"],"yoast_head":"<!-- This site is optimized with the Yoast SEO plugin v27.4 - https:\/\/yoast.com\/product\/yoast-seo-wordpress\/ -->\n<title>Politiques<\/title>\n<meta name=\"description\" content=\"Nos politiques d&#039;achat en ligne\" \/>\n<meta name=\"robots\" content=\"index, follow, max-snippet:-1, max-image-preview:large, max-video-preview:-1\" \/>\n<link rel=\"canonical\" href=\"https:\/\/somakboutique.com\/en\/privacy-policy\/\" \/>\n<meta property=\"og:locale\" content=\"en_US\" \/>\n<meta property=\"og:type\" content=\"article\" \/>\n<meta property=\"og:title\" content=\"Politiques\" \/>\n<meta property=\"og:description\" content=\"Nos politiques d&#039;achat en ligne\" \/>\n<meta property=\"og:url\" content=\"https:\/\/somakboutique.com\/en\/privacy-policy\/\" \/>\n<meta property=\"og:site_name\" content=\"SOMAK BOUTIQUE\" \/>\n<meta property=\"article:modified_time\" content=\"2024-05-06T16:15:40+00:00\" \/>\n<meta name=\"twitter:card\" content=\"summary_large_image\" \/>\n<meta name=\"twitter:label1\" content=\"Est. reading time\" \/>\n\t<meta name=\"twitter:data1\" content=\"4 minutes\" \/>\n<script type=\"application\/ld+json\" class=\"yoast-schema-graph\">{\"@context\":\"https:\\\/\\\/schema.org\",\"@graph\":[{\"@type\":\"WebPage\",\"@id\":\"https:\\\/\\\/somakboutique.com\\\/en\\\/privacy-policy\\\/\",\"url\":\"https:\\\/\\\/somakboutique.com\\\/en\\\/privacy-policy\\\/\",\"name\":\"Politiques\",\"isPartOf\":{\"@id\":\"https:\\\/\\\/somakboutique.com\\\/#website\"},\"datePublished\":\"2023-07-26T14:01:54+00:00\",\"dateModified\":\"2024-05-06T16:15:40+00:00\",\"description\":\"Nos politiques d'achat en ligne\",\"breadcrumb\":{\"@id\":\"https:\\\/\\\/somakboutique.com\\\/en\\\/privacy-policy\\\/#breadcrumb\"},\"inLanguage\":\"en-US\",\"potentialAction\":[{\"@type\":\"ReadAction\",\"target\":[\"https:\\\/\\\/somakboutique.com\\\/en\\\/privacy-policy\\\/\"]}]},{\"@type\":\"BreadcrumbList\",\"@id\":\"https:\\\/\\\/somakboutique.com\\\/en\\\/privacy-policy\\\/#breadcrumb\",\"itemListElement\":[{\"@type\":\"ListItem\",\"position\":1,\"name\":\"Accueil\",\"item\":\"https:\\\/\\\/somakboutique.com\\\/\"},{\"@type\":\"ListItem\",\"position\":2,\"name\":\"Privacy Policy\"}]},{\"@type\":\"WebSite\",\"@id\":\"https:\\\/\\\/somakboutique.com\\\/#website\",\"url\":\"https:\\\/\\\/somakboutique.com\\\/\",\"name\":\"SOMAK BOUTIQUE\",\"description\":\"LE CHOIX DES PROFESSIONNELS\",\"publisher\":{\"@id\":\"https:\\\/\\\/somakboutique.com\\\/#organization\"},\"potentialAction\":[{\"@type\":\"SearchAction\",\"target\":{\"@type\":\"EntryPoint\",\"urlTemplate\":\"https:\\\/\\\/somakboutique.com\\\/?s={search_term_string}\"},\"query-input\":{\"@type\":\"PropertyValueSpecification\",\"valueRequired\":true,\"valueName\":\"search_term_string\"}}],\"inLanguage\":\"en-US\"},{\"@type\":\"Organization\",\"@id\":\"https:\\\/\\\/somakboutique.com\\\/#organization\",\"name\":\"SOMAK BOUTIQUE\",\"url\":\"https:\\\/\\\/somakboutique.com\\\/\",\"logo\":{\"@type\":\"ImageObject\",\"inLanguage\":\"en-US\",\"@id\":\"https:\\\/\\\/somakboutique.com\\\/#\\\/schema\\\/logo\\\/image\\\/\",\"url\":\"https:\\\/\\\/somakboutique.com\\\/wp-content\\\/uploads\\\/2021\\\/08\\\/logo2021_noir_500x500.png\",\"contentUrl\":\"https:\\\/\\\/somakboutique.com\\\/wp-content\\\/uploads\\\/2021\\\/08\\\/logo2021_noir_500x500.png\",\"width\":500,\"height\":500,\"caption\":\"SOMAK BOUTIQUE\"},\"image\":{\"@id\":\"https:\\\/\\\/somakboutique.com\\\/#\\\/schema\\\/logo\\\/image\\\/\"}}]}<\/script>\n<!-- \/ Yoast SEO plugin. -->","yoast_head_json":{"title":"Politiques","description":"Nos politiques d'achat en ligne","robots":{"index":"index","follow":"follow","max-snippet":"max-snippet:-1","max-image-preview":"max-image-preview:large","max-video-preview":"max-video-preview:-1"},"canonical":"https:\/\/somakboutique.com\/en\/privacy-policy\/","og_locale":"en_US","og_type":"article","og_title":"Politiques","og_description":"Nos politiques d'achat en ligne","og_url":"https:\/\/somakboutique.com\/en\/privacy-policy\/","og_site_name":"SOMAK BOUTIQUE","article_modified_time":"2024-05-06T16:15:40+00:00","twitter_card":"summary_large_image","twitter_misc":{"Est. reading time":"4 minutes"},"schema":{"@context":"https:\/\/schema.org","@graph":[{"@type":"WebPage","@id":"https:\/\/somakboutique.com\/en\/privacy-policy\/","url":"https:\/\/somakboutique.com\/en\/privacy-policy\/","name":"Politiques","isPartOf":{"@id":"https:\/\/somakboutique.com\/#website"},"datePublished":"2023-07-26T14:01:54+00:00","dateModified":"2024-05-06T16:15:40+00:00","description":"Nos politiques d'achat en ligne","breadcrumb":{"@id":"https:\/\/somakboutique.com\/en\/privacy-policy\/#breadcrumb"},"inLanguage":"en-US","potentialAction":[{"@type":"ReadAction","target":["https:\/\/somakboutique.com\/en\/privacy-policy\/"]}]},{"@type":"BreadcrumbList","@id":"https:\/\/somakboutique.com\/en\/privacy-policy\/#breadcrumb","itemListElement":[{"@type":"ListItem","position":1,"name":"Accueil","item":"https:\/\/somakboutique.com\/"},{"@type":"ListItem","position":2,"name":"Privacy Policy"}]},{"@type":"WebSite","@id":"https:\/\/somakboutique.com\/#website","url":"https:\/\/somakboutique.com\/","name":"SOMAK BOUTIQUE","description":"LE CHOIX DES PROFESSIONNELS","publisher":{"@id":"https:\/\/somakboutique.com\/#organization"},"potentialAction":[{"@type":"SearchAction","target":{"@type":"EntryPoint","urlTemplate":"https:\/\/somakboutique.com\/?s={search_term_string}"},"query-input":{"@type":"PropertyValueSpecification","valueRequired":true,"valueName":"search_term_string"}}],"inLanguage":"en-US"},{"@type":"Organization","@id":"https:\/\/somakboutique.com\/#organization","name":"SOMAK BOUTIQUE","url":"https:\/\/somakboutique.com\/","logo":{"@type":"ImageObject","inLanguage":"en-US","@id":"https:\/\/somakboutique.com\/#\/schema\/logo\/image\/","url":"https:\/\/somakboutique.com\/wp-content\/uploads\/2021\/08\/logo2021_noir_500x500.png","contentUrl":"https:\/\/somakboutique.com\/wp-content\/uploads\/2021\/08\/logo2021_noir_500x500.png","width":500,"height":500,"caption":"SOMAK BOUTIQUE"},"image":{"@id":"https:\/\/somakboutique.com\/#\/schema\/logo\/image\/"}}]}},"_links":{"self":[{"href":"https:\/\/somakboutique.com\/en\/wp-json\/wp\/v2\/pages\/10872","targetHints":{"allow":["GET"]}}],"collection":[{"href":"https:\/\/somakboutique.com\/en\/wp-json\/wp\/v2\/pages"}],"about":[{"href":"https:\/\/somakboutique.com\/en\/wp-json\/wp\/v2\/types\/page"}],"author":[{"embeddable":true,"href":"https:\/\/somakboutique.com\/en\/wp-json\/wp\/v2\/users\/1"}],"replies":[{"embeddable":true,"href":"https:\/\/somakboutique.com\/en\/wp-json\/wp\/v2\/comments?post=10872"}],"version-history":[{"count":10,"href":"https:\/\/somakboutique.com\/en\/wp-json\/wp\/v2\/pages\/10872\/revisions"}],"predecessor-version":[{"id":11513,"href":"https:\/\/somakboutique.com\/en\/wp-json\/wp\/v2\/pages\/10872\/revisions\/11513"}],"wp:attachment":[{"href":"https:\/\/somakboutique.com\/en\/wp-json\/wp\/v2\/media?parent=10872"}],"curies":[{"name":"wp","href":"https:\/\/api.w.org\/{rel}","templated":true}]}}